{"id":771,"date":"2024-03-19T17:55:35","date_gmt":"2024-03-19T17:55:35","guid":{"rendered":"https:\/\/chalmontpackaging.co.uk\/product\/vasos-de-papel-y-tapas\/"},"modified":"2024-09-26T00:25:58","modified_gmt":"2024-09-26T00:25:58","slug":"vasos-de-papel-y-tapas","status":"publish","type":"product","link":"https:\/\/chalmontpackaging.co.uk\/es\/product\/vasos-de-papel-y-tapas\/","title":{"rendered":"Vasos de papel y tapas"},"content":{"rendered":"<p>Explora nuestra amplia selecci\u00f3n de vasos y tapas de papel sostenibles, disponibles en varios tama\u00f1os para adaptarse a tus necesidades de servicio. Nuestros vasos de papel son una soluci\u00f3n c\u00f3moda y ecol\u00f3gica para tus clientes.<\/p>\n<p>Fabricados con cart\u00f3n de calidad alimentaria, nuestros vasos son robustos, resistentes a las fugas y est\u00e1n aislados para mantener las bebidas calientes y las manos c\u00f3modas. Con dise\u00f1os llamativos e impresiones vibrantes, nuestros vasos mejoran la presentaci\u00f3n de tus bebidas, atrayendo a los clientes y aumentando las ventas.<\/p>\n<p>Combina tus vasos de papel con nuestra selecci\u00f3n de tapas, disponibles en diferentes estilos y tama\u00f1os para que se ajusten bien y de forma segura. Desde tapas para bebidas calientes hasta tapas ventiladas para sopas y otros alimentos calientes, nuestras tapas est\u00e1n dise\u00f1adas para ofrecer la m\u00e1xima funcionalidad y comodidad al cliente.<\/p>\n<p>Todos nuestros vasos y tapas de papel est\u00e1n fabricados con recursos renovables y son totalmente reciclables, lo que te ayuda a reducir tu huella de carbono y a atraer a consumidores con conciencia ecol\u00f3gica.<\/p>\n","protected":false},"excerpt":{"rendered":"<p>Explora nuestra amplia selecci\u00f3n de vasos y tapas de papel sostenibles, disponibles en varios tama\u00f1os para adaptarse a tus necesidades de servicio. Nuestros vasos de papel son una soluci\u00f3n c\u00f3moda y ecol\u00f3gica para tus clientes. Fabricados con cart\u00f3n de calidad alimentaria, nuestros vasos son robustos, resistentes a las fugas y est\u00e1n aislados para mantener las [&hellip;]<\/p>\n","protected":false},"featured_media":746,"comment_status":"open","ping_status":"closed","template":"","meta":{"_et_pb_use_builder":"","_et_pb_old_content":"","_et_gb_content_width":""},"product_brand":[],"product_cat":[36],"product_tag":[],"class_list":{"0":"post-771","1":"product","2":"type-product","3":"status-publish","4":"has-post-thumbnail","6":"product_cat-materiales-de-embalaje","8":"first","9":"instock","10":"shipping-taxable","11":"product-type-simple"},"_links":{"self":[{"href":"https:\/\/chalmontpackaging.co.uk\/es\/wp-json\/wp\/v2\/product\/771","targetHints":{"allow":["GET"]}}],"collection":[{"href":"https:\/\/chalmontpackaging.co.uk\/es\/wp-json\/wp\/v2\/product"}],"about":[{"href":"https:\/\/chalmontpackaging.co.uk\/es\/wp-json\/wp\/v2\/types\/product"}],"replies":[{"embeddable":true,"href":"https:\/\/chalmontpackaging.co.uk\/es\/wp-json\/wp\/v2\/comments?post=771"}],"wp:featuredmedia":[{"embeddable":true,"href":"https:\/\/chalmontpackaging.co.uk\/es\/wp-json\/wp\/v2\/media\/746"}],"wp:attachment":[{"href":"https:\/\/chalmontpackaging.co.uk\/es\/wp-json\/wp\/v2\/media?parent=771"}],"wp:term":[{"taxonomy":"product_brand","embeddable":true,"href":"https:\/\/chalmontpackaging.co.uk\/es\/wp-json\/wp\/v2\/product_brand?post=771"},{"taxonomy":"product_cat","embeddable":true,"href":"https:\/\/chalmontpackaging.co.uk\/es\/wp-json\/wp\/v2\/product_cat?post=771"},{"taxonomy":"product_tag","embeddable":true,"href":"https:\/\/chalmontpackaging.co.uk\/es\/wp-json\/wp\/v2\/product_tag?post=771"}],"curies":[{"name":"wp","href":"https:\/\/api.w.org\/{rel}","templated":true}]}}