{"id":820,"date":"2024-03-19T16:33:30","date_gmt":"2024-03-19T16:33:30","guid":{"rendered":"https:\/\/chalmontpackaging.co.uk\/product\/bolsas-con-boquilla\/"},"modified":"2024-09-25T22:30:44","modified_gmt":"2024-09-25T22:30:44","slug":"bolsas-con-boquilla","status":"publish","type":"product","link":"https:\/\/chalmontpackaging.co.uk\/es\/product\/bolsas-con-boquilla\/","title":{"rendered":"Bolsas con boquilla"},"content":{"rendered":"<p>Las bolsas con boquilla est\u00e1n revolucionando la forma de almacenar y distribuir l\u00edquidos, polvos y productos semil\u00edquidos. Ya sea que trabajes en la industria de alimentos y bebidas, cuidado personal o art\u00edculos para el hogar, estas bolsas ofrecen una soluci\u00f3n moderna para envasar tus productos.  <\/p>\n<ul>\n<li>Adaptado a tu marca: las opciones personalizables incluyen una selecci\u00f3n de tama\u00f1o, forma, color y dise\u00f1o impreso; tienes la libertad creativa de hacer que el empaque sea exclusivamente tuyo.<\/li>\n<li>Aplicaciones vers\u00e1tiles: desde bebidas l\u00edquidas hasta snacks granulados, nuestras bolsas se adaptan a una amplia gama de productos, desde salsas y sopas hasta alimentos para beb\u00e9s, golosinas para mascotas o detergentes de limpieza.<\/li>\n<li>Opciones ecol\u00f3gicas: Ofrecemos opciones ecol\u00f3gicas de bolsas reciclables y biodegradables, que te ayudan a reducir la huella medioambiental sin comprometer la calidad.<\/li>\n<li>Durabilidad: nuestras bolsas est\u00e1n dise\u00f1adas para durar, lo que garantiza que tus productos permanezcan intactos durante el almacenamiento y el transporte. Con opciones de pel\u00edculas de barrera, resistencia al ox\u00edgeno y la humedad y materiales a prueba de perforaciones. <\/li>\n<li>Soluciones rentables: Nuestras bolsas con boquilla personalizables ofrecen soluciones de envasado rentables, reduciendo los costos de material y transporte al tiempo que maximizan el atractivo en las estanter\u00edas y la satisfacci\u00f3n del cliente.<\/li>\n<\/ul>\n","protected":false},"excerpt":{"rendered":"<p>Las bolsas con boquilla est\u00e1n revolucionando la forma de almacenar y distribuir l\u00edquidos, polvos y productos semil\u00edquidos. Ya sea que trabajes en la industria de alimentos y bebidas, cuidado personal o art\u00edculos para el hogar, estas bolsas ofrecen una soluci\u00f3n moderna para envasar tus productos. Adaptado a tu marca: las opciones personalizables incluyen una selecci\u00f3n [&hellip;]<\/p>\n","protected":false},"featured_media":738,"comment_status":"open","ping_status":"closed","template":"","meta":{"_et_pb_use_builder":"on","_et_pb_old_content":"","_et_gb_content_width":""},"product_brand":[],"product_cat":[36],"product_tag":[],"class_list":{"0":"post-820","1":"product","2":"type-product","3":"status-publish","4":"has-post-thumbnail","6":"product_cat-materiales-de-embalaje","8":"first","9":"instock","10":"shipping-taxable","11":"product-type-simple"},"_links":{"self":[{"href":"https:\/\/chalmontpackaging.co.uk\/es\/wp-json\/wp\/v2\/product\/820","targetHints":{"allow":["GET"]}}],"collection":[{"href":"https:\/\/chalmontpackaging.co.uk\/es\/wp-json\/wp\/v2\/product"}],"about":[{"href":"https:\/\/chalmontpackaging.co.uk\/es\/wp-json\/wp\/v2\/types\/product"}],"replies":[{"embeddable":true,"href":"https:\/\/chalmontpackaging.co.uk\/es\/wp-json\/wp\/v2\/comments?post=820"}],"wp:featuredmedia":[{"embeddable":true,"href":"https:\/\/chalmontpackaging.co.uk\/es\/wp-json\/wp\/v2\/media\/738"}],"wp:attachment":[{"href":"https:\/\/chalmontpackaging.co.uk\/es\/wp-json\/wp\/v2\/media?parent=820"}],"wp:term":[{"taxonomy":"product_brand","embeddable":true,"href":"https:\/\/chalmontpackaging.co.uk\/es\/wp-json\/wp\/v2\/product_brand?post=820"},{"taxonomy":"product_cat","embeddable":true,"href":"https:\/\/chalmontpackaging.co.uk\/es\/wp-json\/wp\/v2\/product_cat?post=820"},{"taxonomy":"product_tag","embeddable":true,"href":"https:\/\/chalmontpackaging.co.uk\/es\/wp-json\/wp\/v2\/product_tag?post=820"}],"curies":[{"name":"wp","href":"https:\/\/api.w.org\/{rel}","templated":true}]}}