{"id":858,"date":"2024-03-19T17:20:08","date_gmt":"2024-03-19T17:20:08","guid":{"rendered":"https:\/\/chalmontpackaging.co.uk\/product\/bolsas-y-capsulas-de-cafe-resellables\/"},"modified":"2024-09-26T00:24:40","modified_gmt":"2024-09-26T00:24:40","slug":"bolsas-y-capsulas-de-cafe-resellables","status":"publish","type":"product","link":"https:\/\/chalmontpackaging.co.uk\/es\/product\/bolsas-y-capsulas-de-cafe-resellables\/","title":{"rendered":"Bolsas y c\u00e1psulas de caf\u00e9 resellables"},"content":{"rendered":"<p>Ya sea que te especialices en tostados de origen \u00fanico, mezclas atrevidas o caf\u00e9s con sabores decadentes, nuestro empaque de caf\u00e9 ayuda a darle vida a tus creaciones.<\/p>\n<p><strong>Bolsas de caf\u00e9 resellables:<\/strong><\/p>\n<p>Conserva el rico sabor y aroma de tu caf\u00e9 con nuestras bolsas de caf\u00e9 resellables. Elaboradas con materiales de calidad, estas bolsas cuentan con un sello seguro que mantiene tu caf\u00e9 fresco durante per\u00edodos m\u00e1s prolongados. Ya sea que empaques granos enteros o caf\u00e9 molido, nuestras bolsas resellables brindan comodidad y frescura en cada vertido.<\/p>\n<p><strong>C\u00e1psulas de caf\u00e9:<\/strong><\/p>\n<p>Dise\u00f1adas para adaptarse a tus mezclas y recetas \u00fanicas, nuestras c\u00e1psulas vac\u00edas ofrecen una comodidad y versatilidad incomparables. Elaboradas con materiales duraderos, estas c\u00e1psulas brindan una plataforma confiable para encapsular los ricos sabores de sus caf\u00e9s exclusivos.<\/p>\n","protected":false},"excerpt":{"rendered":"<p>Ya sea que te especialices en tostados de origen \u00fanico, mezclas atrevidas o caf\u00e9s con sabores decadentes, nuestro empaque de caf\u00e9 ayuda a darle vida a tus creaciones. Bolsas de caf\u00e9 resellables: Conserva el rico sabor y aroma de tu caf\u00e9 con nuestras bolsas de caf\u00e9 resellables. Elaboradas con materiales de calidad, estas bolsas cuentan [&hellip;]<\/p>\n","protected":false},"featured_media":743,"comment_status":"open","ping_status":"closed","template":"","meta":{"_et_pb_use_builder":"off","_et_pb_old_content":"Ya sea que te especialices en tostados de origen \u00fanico, mezclas atrevidas o caf\u00e9s con sabores decadentes, nuestro empaque de caf\u00e9 ayuda a darle vida a tus creaciones. <br><strong>Bolsas de caf\u00e9 resellables: <br><\/strong>Conserva el rico sabor y aroma de tu caf\u00e9 con nuestras bolsas de caf\u00e9 resellables. Elaboradas con materiales de calidad, estas bolsas cuentan con un sello seguro que mantiene tu caf\u00e9 fresco durante per\u00edodos m\u00e1s prolongados. Ya sea que empaques granos enteros o caf\u00e9 molido, nuestras bolsas resellables brindan comodidad y frescura en cada vertido. <strong>C\u00e1psulas de caf\u00e9:<\/strong> Dise\u00f1adas para adaptarse a tus mezclas y recetas \u00fanicas, nuestras c\u00e1psulas vac\u00edas ofrecen una comodidad y versatilidad incomparables. Elaboradas con materiales duraderos, estas c\u00e1psulas brindan una plataforma confiable para encapsular los ricos sabores de sus caf\u00e9s exclusivos.","_et_gb_content_width":""},"product_brand":[],"product_cat":[36],"product_tag":[],"class_list":{"0":"post-858","1":"product","2":"type-product","3":"status-publish","4":"has-post-thumbnail","6":"product_cat-materiales-de-embalaje","8":"first","9":"instock","10":"shipping-taxable","11":"product-type-simple"},"_links":{"self":[{"href":"https:\/\/chalmontpackaging.co.uk\/es\/wp-json\/wp\/v2\/product\/858","targetHints":{"allow":["GET"]}}],"collection":[{"href":"https:\/\/chalmontpackaging.co.uk\/es\/wp-json\/wp\/v2\/product"}],"about":[{"href":"https:\/\/chalmontpackaging.co.uk\/es\/wp-json\/wp\/v2\/types\/product"}],"replies":[{"embeddable":true,"href":"https:\/\/chalmontpackaging.co.uk\/es\/wp-json\/wp\/v2\/comments?post=858"}],"wp:featuredmedia":[{"embeddable":true,"href":"https:\/\/chalmontpackaging.co.uk\/es\/wp-json\/wp\/v2\/media\/743"}],"wp:attachment":[{"href":"https:\/\/chalmontpackaging.co.uk\/es\/wp-json\/wp\/v2\/media?parent=858"}],"wp:term":[{"taxonomy":"product_brand","embeddable":true,"href":"https:\/\/chalmontpackaging.co.uk\/es\/wp-json\/wp\/v2\/product_brand?post=858"},{"taxonomy":"product_cat","embeddable":true,"href":"https:\/\/chalmontpackaging.co.uk\/es\/wp-json\/wp\/v2\/product_cat?post=858"},{"taxonomy":"product_tag","embeddable":true,"href":"https:\/\/chalmontpackaging.co.uk\/es\/wp-json\/wp\/v2\/product_tag?post=858"}],"curies":[{"name":"wp","href":"https:\/\/api.w.org\/{rel}","templated":true}]}}