{"id":860,"date":"2024-03-19T17:31:01","date_gmt":"2024-03-19T17:31:01","guid":{"rendered":"https:\/\/chalmontpackaging.co.uk\/product\/etiquetas-de-manga-retractil\/"},"modified":"2024-09-26T01:34:58","modified_gmt":"2024-09-26T01:34:58","slug":"etiquetas-de-manga-retractil","status":"publish","type":"product","link":"https:\/\/chalmontpackaging.co.uk\/es\/product\/etiquetas-de-manga-retractil\/","title":{"rendered":"Etiquetas de manga retr\u00e1ctil"},"content":{"rendered":"<p>Consigue un etiquetado sin complicaciones con nuestras etiquetas termorretr\u00e1ctiles f\u00e1ciles de usar. Simplemente aplica las etiquetas a tu empaque utilizando un equipo de etiquetado est\u00e1ndar y luego cali\u00e9ntalas con una pistola de calor o un t\u00fanel de contracci\u00f3n para activar las propiedades de contracci\u00f3n. A medida que las etiquetas se encogen para ajustarse perfectamente a tus envases, crean una uni\u00f3n segura que evita la manipulaci\u00f3n y garantiza que tu marca permanezca visible.   <\/p>\n<ul>\n<li>Tecnolog\u00eda avanzada: Con capacidades de impresi\u00f3n de alta calidad y propiedades de contracci\u00f3n superiores, nuestras etiquetas se adaptan perfectamente a los contornos de tu embalaje, creando un acabado suave y profesional que mejora el atractivo visual de tus productos.<\/li>\n<li>Duraderas y resistentes: nuestras etiquetas termorretr\u00e1ctiles est\u00e1n dise\u00f1adas para soportar los rigores del transporte, la manipulaci\u00f3n y el almacenamiento y son duraderas y resistentes. Ya sea que tus productos est\u00e9n expuestos a la humedad, a fluctuaciones de temperatura o a una manipulaci\u00f3n brusca, nuestras etiquetas mantienen su integridad y su apariencia vibrante. <\/li>\n<li>Respetuoso con el medio ambiente: la industria de las fundas retr\u00e1ctiles est\u00e1 abordando activamente las cuestiones ambientales y de sostenibilidad mediante el desarrollo de recubrimientos, tintas y materiales funcionales avanzados. La combinaci\u00f3n adecuada de tecnolog\u00edas permite reciclar la botella y la funda juntas, lo que aumenta el potencial de reciclabilidad al 100%. <\/li>\n<li>Personalizable: personaliza tus etiquetas seg\u00fan tus especificaciones exactas con nuestra personalizaci\u00f3n integral. Desde colores vibrantes hasta dise\u00f1os intrincados, nuestra tecnolog\u00eda de impresi\u00f3n de \u00faltima generaci\u00f3n garantiza que los elementos de su marca se reproduzcan con una claridad y precisi\u00f3n excepcionales. <\/li>\n<\/ul>\n","protected":false},"excerpt":{"rendered":"<p>Consigue un etiquetado sin complicaciones con nuestras etiquetas termorretr\u00e1ctiles f\u00e1ciles de usar. Simplemente aplica las etiquetas a tu empaque utilizando un equipo de etiquetado est\u00e1ndar y luego cali\u00e9ntalas con una pistola de calor o un t\u00fanel de contracci\u00f3n para activar las propiedades de contracci\u00f3n. A medida que las etiquetas se encogen para ajustarse perfectamente a [&hellip;]<\/p>\n","protected":false},"featured_media":744,"comment_status":"open","ping_status":"closed","template":"","meta":{"_et_pb_use_builder":"","_et_pb_old_content":"","_et_gb_content_width":""},"product_brand":[],"product_cat":[36],"product_tag":[],"class_list":{"0":"post-860","1":"product","2":"type-product","3":"status-publish","4":"has-post-thumbnail","6":"product_cat-materiales-de-embalaje","8":"first","9":"instock","10":"shipping-taxable","11":"product-type-simple"},"_links":{"self":[{"href":"https:\/\/chalmontpackaging.co.uk\/es\/wp-json\/wp\/v2\/product\/860","targetHints":{"allow":["GET"]}}],"collection":[{"href":"https:\/\/chalmontpackaging.co.uk\/es\/wp-json\/wp\/v2\/product"}],"about":[{"href":"https:\/\/chalmontpackaging.co.uk\/es\/wp-json\/wp\/v2\/types\/product"}],"replies":[{"embeddable":true,"href":"https:\/\/chalmontpackaging.co.uk\/es\/wp-json\/wp\/v2\/comments?post=860"}],"wp:featuredmedia":[{"embeddable":true,"href":"https:\/\/chalmontpackaging.co.uk\/es\/wp-json\/wp\/v2\/media\/744"}],"wp:attachment":[{"href":"https:\/\/chalmontpackaging.co.uk\/es\/wp-json\/wp\/v2\/media?parent=860"}],"wp:term":[{"taxonomy":"product_brand","embeddable":true,"href":"https:\/\/chalmontpackaging.co.uk\/es\/wp-json\/wp\/v2\/product_brand?post=860"},{"taxonomy":"product_cat","embeddable":true,"href":"https:\/\/chalmontpackaging.co.uk\/es\/wp-json\/wp\/v2\/product_cat?post=860"},{"taxonomy":"product_tag","embeddable":true,"href":"https:\/\/chalmontpackaging.co.uk\/es\/wp-json\/wp\/v2\/product_tag?post=860"}],"curies":[{"name":"wp","href":"https:\/\/api.w.org\/{rel}","templated":true}]}}