{"id":872,"date":"2024-03-19T17:54:08","date_gmt":"2024-03-19T17:54:08","guid":{"rendered":"https:\/\/chalmontpackaging.co.uk\/product\/preformas-de-pet\/"},"modified":"2024-09-26T01:28:16","modified_gmt":"2024-09-26T01:28:16","slug":"preformas-de-pet","status":"publish","type":"product","link":"https:\/\/chalmontpackaging.co.uk\/es\/product\/preformas-de-pet\/","title":{"rendered":"Preformas de PET"},"content":{"rendered":"<p>Explora nuestra amplia selecci\u00f3n de preformas de PET, disponibles en varios colores, tama\u00f1os y formas para satisfacer tus requisitos de envasado espec\u00edficos. Ya sea que est\u00e9s embotellando bebidas, salsas, condimentos o productos de cuidado personal, nuestras preformas brindan la base perfecta para crear envases duraderos y de alta calidad.<\/p>\n<p>Nuestras preformas preservan la frescura e integridad de tus productos al mismo tiempo que mejoran el atractivo en las estanter\u00edas. Adem\u00e1s, tambi\u00e9n ofrecemos una variedad de tapas y tapones en diferentes formas y colores para complementar el dise\u00f1o de tu envase. Desde elegantes cierres para botellas de bebidas hasta tapas seguras para frascos, nuestra variada selecci\u00f3n garantiza que puedas encontrar la combinaci\u00f3n perfecta para tus envases.<\/p>\n","protected":false},"excerpt":{"rendered":"<p>Explora nuestra amplia selecci\u00f3n de preformas de PET, disponibles en varios colores, tama\u00f1os y formas para satisfacer tus requisitos de envasado espec\u00edficos. Ya sea que est\u00e9s embotellando bebidas, salsas, condimentos o productos de cuidado personal, nuestras preformas brindan la base perfecta para crear envases duraderos y de alta calidad. Nuestras preformas preservan la frescura e [&hellip;]<\/p>\n","protected":false},"featured_media":742,"comment_status":"open","ping_status":"closed","template":"","meta":{"_et_pb_use_builder":"","_et_pb_old_content":"","_et_gb_content_width":""},"product_brand":[],"product_cat":[36],"product_tag":[],"class_list":{"0":"post-872","1":"product","2":"type-product","3":"status-publish","4":"has-post-thumbnail","6":"product_cat-materiales-de-embalaje","8":"first","9":"instock","10":"shipping-taxable","11":"product-type-simple"},"_links":{"self":[{"href":"https:\/\/chalmontpackaging.co.uk\/es\/wp-json\/wp\/v2\/product\/872","targetHints":{"allow":["GET"]}}],"collection":[{"href":"https:\/\/chalmontpackaging.co.uk\/es\/wp-json\/wp\/v2\/product"}],"about":[{"href":"https:\/\/chalmontpackaging.co.uk\/es\/wp-json\/wp\/v2\/types\/product"}],"replies":[{"embeddable":true,"href":"https:\/\/chalmontpackaging.co.uk\/es\/wp-json\/wp\/v2\/comments?post=872"}],"wp:featuredmedia":[{"embeddable":true,"href":"https:\/\/chalmontpackaging.co.uk\/es\/wp-json\/wp\/v2\/media\/742"}],"wp:attachment":[{"href":"https:\/\/chalmontpackaging.co.uk\/es\/wp-json\/wp\/v2\/media?parent=872"}],"wp:term":[{"taxonomy":"product_brand","embeddable":true,"href":"https:\/\/chalmontpackaging.co.uk\/es\/wp-json\/wp\/v2\/product_brand?post=872"},{"taxonomy":"product_cat","embeddable":true,"href":"https:\/\/chalmontpackaging.co.uk\/es\/wp-json\/wp\/v2\/product_cat?post=872"},{"taxonomy":"product_tag","embeddable":true,"href":"https:\/\/chalmontpackaging.co.uk\/es\/wp-json\/wp\/v2\/product_tag?post=872"}],"curies":[{"name":"wp","href":"https:\/\/api.w.org\/{rel}","templated":true}]}}