{"id":873,"date":"2024-03-19T17:49:11","date_gmt":"2024-03-19T17:49:11","guid":{"rendered":"https:\/\/chalmontpackaging.co.uk\/product\/etiquetas-adhesivas\/"},"modified":"2024-09-26T01:27:11","modified_gmt":"2024-09-26T01:27:11","slug":"etiquetas-adhesivas","status":"publish","type":"product","link":"https:\/\/chalmontpackaging.co.uk\/es\/product\/etiquetas-adhesivas\/","title":{"rendered":"Etiquetas adhesivas"},"content":{"rendered":"<p>Explora nuestra amplia selecci\u00f3n de etiquetas adhesivas. Disponibles en rollos para una dispensaci\u00f3n c\u00f3moda o cortadas en cualquier forma imaginable para satisfacer tus necesidades espec\u00edficas. Nuestras etiquetas est\u00e1n elaboradas con precisi\u00f3n y atenci\u00f3n al detalle, lo que garantiza gr\u00e1ficos n\u00edtidos, colores vibrantes y una adhesi\u00f3n duradera.<\/p>\n<p>La personalizaci\u00f3n es nuestra especialidad. Elige entre una variedad de materiales, acabados, tama\u00f1os y formas para crear etiquetas que reflejen la identidad de tu marca. Carga tu dise\u00f1o o trabaja con nuestro equipo de dise\u00f1o para darle vida a tu visi\u00f3n.<\/p>\n<p>Desde bolsas hasta botellas y todo lo dem\u00e1s, nuestras etiquetas est\u00e1n dise\u00f1adas para complementar tu empaque y presentaci\u00f3n.<\/p>\n","protected":false},"excerpt":{"rendered":"<p>Explora nuestra amplia selecci\u00f3n de etiquetas adhesivas. Disponibles en rollos para una dispensaci\u00f3n c\u00f3moda o cortadas en cualquier forma imaginable para satisfacer tus necesidades espec\u00edficas. Nuestras etiquetas est\u00e1n elaboradas con precisi\u00f3n y atenci\u00f3n al detalle, lo que garantiza gr\u00e1ficos n\u00edtidos, colores vibrantes y una adhesi\u00f3n duradera. La personalizaci\u00f3n es nuestra especialidad. Elige entre una variedad [&hellip;]<\/p>\n","protected":false},"featured_media":740,"comment_status":"open","ping_status":"closed","template":"","meta":{"_et_pb_use_builder":"","_et_pb_old_content":"","_et_gb_content_width":""},"product_brand":[],"product_cat":[36],"product_tag":[],"class_list":{"0":"post-873","1":"product","2":"type-product","3":"status-publish","4":"has-post-thumbnail","6":"product_cat-materiales-de-embalaje","8":"first","9":"instock","10":"shipping-taxable","11":"product-type-simple"},"_links":{"self":[{"href":"https:\/\/chalmontpackaging.co.uk\/es\/wp-json\/wp\/v2\/product\/873","targetHints":{"allow":["GET"]}}],"collection":[{"href":"https:\/\/chalmontpackaging.co.uk\/es\/wp-json\/wp\/v2\/product"}],"about":[{"href":"https:\/\/chalmontpackaging.co.uk\/es\/wp-json\/wp\/v2\/types\/product"}],"replies":[{"embeddable":true,"href":"https:\/\/chalmontpackaging.co.uk\/es\/wp-json\/wp\/v2\/comments?post=873"}],"wp:featuredmedia":[{"embeddable":true,"href":"https:\/\/chalmontpackaging.co.uk\/es\/wp-json\/wp\/v2\/media\/740"}],"wp:attachment":[{"href":"https:\/\/chalmontpackaging.co.uk\/es\/wp-json\/wp\/v2\/media?parent=873"}],"wp:term":[{"taxonomy":"product_brand","embeddable":true,"href":"https:\/\/chalmontpackaging.co.uk\/es\/wp-json\/wp\/v2\/product_brand?post=873"},{"taxonomy":"product_cat","embeddable":true,"href":"https:\/\/chalmontpackaging.co.uk\/es\/wp-json\/wp\/v2\/product_cat?post=873"},{"taxonomy":"product_tag","embeddable":true,"href":"https:\/\/chalmontpackaging.co.uk\/es\/wp-json\/wp\/v2\/product_tag?post=873"}],"curies":[{"name":"wp","href":"https:\/\/api.w.org\/{rel}","templated":true}]}}