{"id":874,"date":"2024-03-19T17:37:49","date_gmt":"2024-03-19T17:37:49","guid":{"rendered":"https:\/\/chalmontpackaging.co.uk\/product\/bolsas-impresas-y-rollos-de-bolsas\/"},"modified":"2024-09-26T01:32:12","modified_gmt":"2024-09-26T01:32:12","slug":"bolsas-impresas-y-rollos-de-bolsas","status":"publish","type":"product","link":"https:\/\/chalmontpackaging.co.uk\/es\/product\/bolsas-impresas-y-rollos-de-bolsas\/","title":{"rendered":"Bolsas impresas y rollos de bolsas"},"content":{"rendered":"<p>Descubre nuestra gama de bolsas y rollos de bolsas impresos de alta calidad, dise\u00f1ados para satisfacer las diversas necesidades de empaque de tu negocio. Con un enfoque en la practicidad y la confiabilidad, nuestros productos est\u00e1n dise\u00f1ados para brindar un rendimiento confiable y, al mismo tiempo, exhibir tu marca con una impresi\u00f3n profesional.  <\/p>\n<ul>\n<li>Impresi\u00f3n premium: Nuestras bolsas y rollos de bolsas impresas cuentan con una impresi\u00f3n n\u00edtida y profesional que brinda visibilidad de marca y comunica tu mensaje de manera eficaz.<\/li>\n<li>Materiales duraderos: Nuestras bolsas y rollos ofrecen una protecci\u00f3n robusta para tus productos durante el almacenamiento y el transporte con excelente resistencia al desgarro y a la perforaci\u00f3n.<\/li>\n<li>Vers\u00e1til: ya sea que necesites bolsas para empaque minoristas, exhibiciones de mercanc\u00edas o aplicaciones de servicio de alimentos, ofrecemos una variedad de tama\u00f1os y estilos para satisfacer tus necesidades.<\/li>\n<li>Conveniente: Nuestros rollos de bolsas est\u00e1n dise\u00f1ados para una f\u00e1cil dispensaci\u00f3n y almacenamiento, lo que permite procesos de envasado eficientes en entornos concurridos.<\/li>\n<li>Personalizable: personaliza tu embalaje para que se ajuste a la identidad de tu marca. Elige entre una gama de colores y t\u00e9cnicas de impresi\u00f3n para crear un empaque que atraiga a tu p\u00fablico objetivo. <\/li>\n<\/ul>\n","protected":false},"excerpt":{"rendered":"<p>Descubre nuestra gama de bolsas y rollos de bolsas impresos de alta calidad, dise\u00f1ados para satisfacer las diversas necesidades de empaque de tu negocio. Con un enfoque en la practicidad y la confiabilidad, nuestros productos est\u00e1n dise\u00f1ados para brindar un rendimiento confiable y, al mismo tiempo, exhibir tu marca con una impresi\u00f3n profesional. Impresi\u00f3n premium: [&hellip;]<\/p>\n","protected":false},"featured_media":745,"comment_status":"open","ping_status":"closed","template":"","meta":{"_et_pb_use_builder":"","_et_pb_old_content":"","_et_gb_content_width":""},"product_brand":[],"product_cat":[36],"product_tag":[],"class_list":{"0":"post-874","1":"product","2":"type-product","3":"status-publish","4":"has-post-thumbnail","6":"product_cat-materiales-de-embalaje","8":"first","9":"instock","10":"shipping-taxable","11":"product-type-simple"},"_links":{"self":[{"href":"https:\/\/chalmontpackaging.co.uk\/es\/wp-json\/wp\/v2\/product\/874","targetHints":{"allow":["GET"]}}],"collection":[{"href":"https:\/\/chalmontpackaging.co.uk\/es\/wp-json\/wp\/v2\/product"}],"about":[{"href":"https:\/\/chalmontpackaging.co.uk\/es\/wp-json\/wp\/v2\/types\/product"}],"replies":[{"embeddable":true,"href":"https:\/\/chalmontpackaging.co.uk\/es\/wp-json\/wp\/v2\/comments?post=874"}],"wp:featuredmedia":[{"embeddable":true,"href":"https:\/\/chalmontpackaging.co.uk\/es\/wp-json\/wp\/v2\/media\/745"}],"wp:attachment":[{"href":"https:\/\/chalmontpackaging.co.uk\/es\/wp-json\/wp\/v2\/media?parent=874"}],"wp:term":[{"taxonomy":"product_brand","embeddable":true,"href":"https:\/\/chalmontpackaging.co.uk\/es\/wp-json\/wp\/v2\/product_brand?post=874"},{"taxonomy":"product_cat","embeddable":true,"href":"https:\/\/chalmontpackaging.co.uk\/es\/wp-json\/wp\/v2\/product_cat?post=874"},{"taxonomy":"product_tag","embeddable":true,"href":"https:\/\/chalmontpackaging.co.uk\/es\/wp-json\/wp\/v2\/product_tag?post=874"}],"curies":[{"name":"wp","href":"https:\/\/api.w.org\/{rel}","templated":true}]}}