{"id":875,"date":"2024-03-19T17:34:51","date_gmt":"2024-03-19T17:34:51","guid":{"rendered":"https:\/\/chalmontpackaging.co.uk\/product\/peliculas-de-sellado\/"},"modified":"2024-09-26T01:33:20","modified_gmt":"2024-09-26T01:33:20","slug":"peliculas-de-sellado","status":"publish","type":"product","link":"https:\/\/chalmontpackaging.co.uk\/es\/product\/peliculas-de-sellado\/","title":{"rendered":"Pel\u00edculas de sellado"},"content":{"rendered":"<p>Fabricadas con materiales de alta calidad y dise\u00f1adas para una \u00f3ptima retenci\u00f3n de frescura y un sellado seguro, nuestras pel\u00edculas de sellado garantizan confiabilidad y funcionalidad. <\/p>\n<ul>\n<li>Materiales vers\u00e1tiles: Elige entre una gama de materiales dise\u00f1ados para satisfacer las necesidades espec\u00edficas tanto de la industria alimentaria con protecci\u00f3n de barrera como de las industrias cosm\u00e9ticas con una presentaci\u00f3n elegante.<\/li>\n<li>Resistencia de sellado superior: Nuestras pel\u00edculas de sellado cuentan con una resistencia de sellado excepcional, lo que garantiza un cierre herm\u00e9tico para preservar la frescura y la integridad de tus productos.<\/li>\n<li>Prolonga la vida \u00fatil de tus productos: sus propiedades de barrera superiores protegen eficazmente contra la humedad, el ox\u00edgeno y otros factores externos, manteniendo tus productos en perfectas condiciones durante per\u00edodos m\u00e1s prolongados.<\/li>\n<li>Dise\u00f1o f\u00e1cil de usar: Dise\u00f1adas para facilitar su uso, nuestras pel\u00edculas de sellado presentan dise\u00f1os f\u00e1ciles de usar que agilizan el proceso de envasado.<\/li>\n<li>Opciones personalizables: personaliza tu empaque para reflejar la identidad de tu marca con personalizaciones que incluyen tama\u00f1os, formas y capacidades de impresi\u00f3n.<\/li>\n<li>Garant\u00eda de calidad: Nuestras pel\u00edculas de sellado se someten a rigurosas medidas de control de calidad para garantizar un rendimiento y una confiabilidad constantes.<\/li>\n<\/ul>\n","protected":false},"excerpt":{"rendered":"<p>Fabricadas con materiales de alta calidad y dise\u00f1adas para una \u00f3ptima retenci\u00f3n de frescura y un sellado seguro, nuestras pel\u00edculas de sellado garantizan confiabilidad y funcionalidad. Materiales vers\u00e1tiles: Elige entre una gama de materiales dise\u00f1ados para satisfacer las necesidades espec\u00edficas tanto de la industria alimentaria con protecci\u00f3n de barrera como de las industrias cosm\u00e9ticas con [&hellip;]<\/p>\n","protected":false},"featured_media":741,"comment_status":"open","ping_status":"closed","template":"","meta":{"_et_pb_use_builder":"","_et_pb_old_content":"","_et_gb_content_width":""},"product_brand":[],"product_cat":[36],"product_tag":[],"class_list":{"0":"post-875","1":"product","2":"type-product","3":"status-publish","4":"has-post-thumbnail","6":"product_cat-materiales-de-embalaje","8":"first","9":"instock","10":"shipping-taxable","11":"product-type-simple"},"_links":{"self":[{"href":"https:\/\/chalmontpackaging.co.uk\/es\/wp-json\/wp\/v2\/product\/875","targetHints":{"allow":["GET"]}}],"collection":[{"href":"https:\/\/chalmontpackaging.co.uk\/es\/wp-json\/wp\/v2\/product"}],"about":[{"href":"https:\/\/chalmontpackaging.co.uk\/es\/wp-json\/wp\/v2\/types\/product"}],"replies":[{"embeddable":true,"href":"https:\/\/chalmontpackaging.co.uk\/es\/wp-json\/wp\/v2\/comments?post=875"}],"wp:featuredmedia":[{"embeddable":true,"href":"https:\/\/chalmontpackaging.co.uk\/es\/wp-json\/wp\/v2\/media\/741"}],"wp:attachment":[{"href":"https:\/\/chalmontpackaging.co.uk\/es\/wp-json\/wp\/v2\/media?parent=875"}],"wp:term":[{"taxonomy":"product_brand","embeddable":true,"href":"https:\/\/chalmontpackaging.co.uk\/es\/wp-json\/wp\/v2\/product_brand?post=875"},{"taxonomy":"product_cat","embeddable":true,"href":"https:\/\/chalmontpackaging.co.uk\/es\/wp-json\/wp\/v2\/product_cat?post=875"},{"taxonomy":"product_tag","embeddable":true,"href":"https:\/\/chalmontpackaging.co.uk\/es\/wp-json\/wp\/v2\/product_tag?post=875"}],"curies":[{"name":"wp","href":"https:\/\/api.w.org\/{rel}","templated":true}]}}